{"id":28855,"date":"2020-10-14T14:16:05","date_gmt":"2020-10-14T12:16:05","guid":{"rendered":"https:\/\/tomaschett.brentex.ch\/?page_id=28855"},"modified":"2024-02-29T10:22:24","modified_gmt":"2024-02-29T09:22:24","slug":"uber-mich","status":"publish","type":"page","link":"https:\/\/www.tomaschett-praxis.ch\/fr\/uber-mich\/","title":{"rendered":"Qui suis-je?"},"content":{"rendered":"<div data-elementor-type=\"wp-page\" data-elementor-id=\"28855\" class=\"elementor elementor-28855\" data-elementor-post-type=\"page\">\n\t\t\t\t\t\t<section class=\"elementor-section elementor-top-section elementor-element elementor-element-28bb0ba elementor-section-full_width elementor-section-height-min-height elementor-section-height-default elementor-section-items-middle\" data-id=\"28bb0ba\" data-element_type=\"section\" data-settings=\"{&quot;background_background&quot;:&quot;classic&quot;,&quot;background_motion_fx_motion_fx_scrolling&quot;:&quot;yes&quot;,&quot;background_motion_fx_translateY_effect&quot;:&quot;yes&quot;,&quot;background_motion_fx_translateY_direction&quot;:&quot;negative&quot;,&quot;background_motion_fx_translateY_speed&quot;:{&quot;unit&quot;:&quot;px&quot;,&quot;size&quot;:4,&quot;sizes&quot;:[]},&quot;background_motion_fx_translateY_affectedRange&quot;:{&quot;unit&quot;:&quot;%&quot;,&quot;size&quot;:&quot;&quot;,&quot;sizes&quot;:{&quot;start&quot;:0,&quot;end&quot;:100}},&quot;background_motion_fx_devices&quot;:[&quot;desktop&quot;,&quot;tablet&quot;,&quot;mobile&quot;]}\">\n\t\t\t\t\t\t\t<div class=\"elementor-background-overlay\"><\/div>\n\t\t\t\t\t\t\t<div class=\"elementor-container elementor-column-gap-default\">\n\t\t\t\t\t<div class=\"elementor-column elementor-col-100 elementor-top-column elementor-element elementor-element-2051bce\" data-id=\"2051bce\" data-element_type=\"column\">\n\t\t\t<div class=\"elementor-widget-wrap elementor-element-populated\">\n\t\t\t\t\t\t<div class=\"elementor-element elementor-element-101fa40 elementor-widget elementor-widget-heading\" data-id=\"101fa40\" data-element_type=\"widget\" data-widget_type=\"heading.default\">\n\t\t\t\t<div class=\"elementor-widget-container\">\n\t\t\t<h2 class=\"elementor-heading-title elementor-size-default\">Qui suis-je?<\/h2>\t\t<\/div>\n\t\t\t\t<\/div>\n\t\t\t\t\t<\/div>\n\t\t<\/div>\n\t\t\t\t\t<\/div>\n\t\t<\/section>\n\t\t\t\t<section class=\"elementor-section elementor-top-section elementor-element elementor-element-2f6c991 elementor-section-height-min-height elementor-reverse-mobile elementor-section-boxed elementor-section-height-default elementor-section-items-middle\" data-id=\"2f6c991\" data-element_type=\"section\">\n\t\t\t\t\t\t\t<div class=\"elementor-background-overlay\"><\/div>\n\t\t\t\t\t\t\t<div class=\"elementor-container elementor-column-gap-default\">\n\t\t\t\t\t<div class=\"elementor-column elementor-col-50 elementor-top-column elementor-element elementor-element-f5508a3\" data-id=\"f5508a3\" data-element_type=\"column\">\n\t\t\t<div class=\"elementor-widget-wrap elementor-element-populated\">\n\t\t\t\t\t\t<div class=\"elementor-element elementor-element-c6c55a8 elementor-widget elementor-widget-image\" data-id=\"c6c55a8\" data-element_type=\"widget\" data-widget_type=\"image.default\">\n\t\t\t\t<div class=\"elementor-widget-container\">\n\t\t\t\t\t\t\t\t\t\t\t\t\t<img fetchpriority=\"high\" decoding=\"async\" width=\"819\" height=\"1024\" src=\"https:\/\/www.tomaschett-praxis.ch\/wp-content\/uploads\/2021\/12\/16-819x1024-min.png\" class=\"attachment-full size-full wp-image-30807\" alt=\"\" srcset=\"https:\/\/www.tomaschett-praxis.ch\/wp-content\/uploads\/2021\/12\/16-819x1024-min.png 819w, https:\/\/www.tomaschett-praxis.ch\/wp-content\/uploads\/2021\/12\/16-819x1024-min-240x300.png 240w, https:\/\/www.tomaschett-praxis.ch\/wp-content\/uploads\/2021\/12\/16-819x1024-min-768x960.png 768w, https:\/\/www.tomaschett-praxis.ch\/wp-content\/uploads\/2021\/12\/16-819x1024-min-10x12.png 10w\" sizes=\"(max-width: 819px) 100vw, 819px\" \/>\t\t\t\t\t\t\t\t\t\t\t\t\t<\/div>\n\t\t\t\t<\/div>\n\t\t\t\t<div class=\"elementor-element elementor-element-e86daf4 elementor-widget elementor-widget-text-editor\" data-id=\"e86daf4\" data-element_type=\"widget\" data-widget_type=\"text-editor.default\">\n\t\t\t\t<div class=\"elementor-widget-container\">\n\t\t\t\t\t\t\tPsychologue sp\u00e9cialiste en psychoth\u00e9rapie FSP\n<br>Psychoth\u00e9rapeute reconnue au niveau f\u00e9d\u00e9ral\t\t\t\t\t\t<\/div>\n\t\t\t\t<\/div>\n\t\t\t\t\t<\/div>\n\t\t<\/div>\n\t\t\t\t<div class=\"elementor-column elementor-col-50 elementor-top-column elementor-element elementor-element-29d4579\" data-id=\"29d4579\" data-element_type=\"column\">\n\t\t\t<div class=\"elementor-widget-wrap elementor-element-populated\">\n\t\t\t\t\t\t<div class=\"elementor-element elementor-element-dbfa8c8 elementor-widget elementor-widget-heading\" data-id=\"dbfa8c8\" data-element_type=\"widget\" data-widget_type=\"heading.default\">\n\t\t\t\t<div class=\"elementor-widget-container\">\n\t\t\t<h2 class=\"elementor-heading-title elementor-size-default\">Manuela Tomaschett<\/h2>\t\t<\/div>\n\t\t\t\t<\/div>\n\t\t\t\t<div class=\"elementor-element elementor-element-a574d1a elementor-widget elementor-widget-text-editor\" data-id=\"a574d1a\" data-element_type=\"widget\" data-widget_type=\"text-editor.default\">\n\t\t\t\t<div class=\"elementor-widget-container\">\n\t\t\t\t\t\t\t<p class=\"bodytext\">Je suis psychologue sp\u00e9cialiste en psychoth\u00e9rapie FSP et reconnue au niveau f\u00e9d\u00e9ral. <br \/><br \/>Depuis 2015, j'offre mes services dans mon propre cabinet \u00e0 la Morgartenstrasse 7 \u00e0 Lucerne, \u00e0 deux pas de la gare.<\/p>\t\t\t\t\t\t<\/div>\n\t\t\t\t<\/div>\n\t\t\t\t<div class=\"elementor-element elementor-element-b7ce2e8 elementor-icon-list--layout-inline elementor-mobile-align-center elementor-list-item-link-full_width elementor-widget elementor-widget-icon-list\" data-id=\"b7ce2e8\" data-element_type=\"widget\" data-widget_type=\"icon-list.default\">\n\t\t\t\t<div class=\"elementor-widget-container\">\n\t\t\t\t\t<ul class=\"elementor-icon-list-items elementor-inline-items\">\n\t\t\t\t\t\t\t<li class=\"elementor-icon-list-item elementor-inline-item\">\n\t\t\t\t\t\t\t\t\t\t\t<span class=\"elementor-icon-list-icon\">\n\t\t\t\t\t\t\t<i aria-hidden=\"true\" class=\"fas fa-check\"><\/i>\t\t\t\t\t\t<\/span>\n\t\t\t\t\t\t\t\t\t\t<span class=\"elementor-icon-list-text\">Allemand<\/span>\n\t\t\t\t\t\t\t\t\t<\/li>\n\t\t\t\t\t\t\t\t<li class=\"elementor-icon-list-item elementor-inline-item\">\n\t\t\t\t\t\t\t\t\t\t\t<span class=\"elementor-icon-list-icon\">\n\t\t\t\t\t\t\t<i aria-hidden=\"true\" class=\"fas fa-check\"><\/i>\t\t\t\t\t\t<\/span>\n\t\t\t\t\t\t\t\t\t\t<span class=\"elementor-icon-list-text\">Fran\u00e7ais<\/span>\n\t\t\t\t\t\t\t\t\t<\/li>\n\t\t\t\t\t\t\t\t<li class=\"elementor-icon-list-item elementor-inline-item\">\n\t\t\t\t\t\t\t\t\t\t\t<span class=\"elementor-icon-list-icon\">\n\t\t\t\t\t\t\t<i aria-hidden=\"true\" class=\"fas fa-check\"><\/i>\t\t\t\t\t\t<\/span>\n\t\t\t\t\t\t\t\t\t\t<span class=\"elementor-icon-list-text\">Italien<\/span>\n\t\t\t\t\t\t\t\t\t<\/li>\n\t\t\t\t\t\t\t\t<li class=\"elementor-icon-list-item elementor-inline-item\">\n\t\t\t\t\t\t\t\t\t\t\t<span class=\"elementor-icon-list-icon\">\n\t\t\t\t\t\t\t<i aria-hidden=\"true\" class=\"fas fa-check\"><\/i>\t\t\t\t\t\t<\/span>\n\t\t\t\t\t\t\t\t\t\t<span class=\"elementor-icon-list-text\">Anglais<\/span>\n\t\t\t\t\t\t\t\t\t<\/li>\n\t\t\t\t\t\t\t\t<li class=\"elementor-icon-list-item elementor-inline-item\">\n\t\t\t\t\t\t\t\t\t\t\t<span class=\"elementor-icon-list-icon\">\n\t\t\t\t\t\t\t<i aria-hidden=\"true\" class=\"fas fa-check\"><\/i>\t\t\t\t\t\t<\/span>\n\t\t\t\t\t\t\t\t\t\t<span class=\"elementor-icon-list-text\">Espagnol<\/span>\n\t\t\t\t\t\t\t\t\t<\/li>\n\t\t\t\t\t\t<\/ul>\n\t\t\t\t<\/div>\n\t\t\t\t<\/div>\n\t\t\t\t<div class=\"elementor-element elementor-element-a9f4759 elementor-align-left elementor-mobile-align-center elementor-invisible elementor-widget elementor-widget-button\" data-id=\"a9f4759\" data-element_type=\"widget\" data-settings=\"{&quot;_animation&quot;:&quot;fadeInDown&quot;}\" data-widget_type=\"button.default\">\n\t\t\t\t<div class=\"elementor-widget-container\">\n\t\t\t\t\t<div class=\"elementor-button-wrapper\">\n\t\t\t<a class=\"elementor-button elementor-button-link elementor-size-lg\" href=\"https:\/\/www.tomaschett-praxis.ch\/fr\/kontakt\/\">\n\t\t\t\t\t\t<span class=\"elementor-button-content-wrapper\">\n\t\t\t\t\t\t\t\t\t<span class=\"elementor-button-text\">Contact<\/span>\n\t\t\t\t\t<\/span>\n\t\t\t\t\t<\/a>\n\t\t<\/div>\n\t\t\t\t<\/div>\n\t\t\t\t<\/div>\n\t\t\t\t\t<\/div>\n\t\t<\/div>\n\t\t\t\t\t<\/div>\n\t\t<\/section>\n\t\t\t\t<section class=\"elementor-section elementor-top-section elementor-element elementor-element-de6682a elementor-section-boxed elementor-section-height-default elementor-section-height-default\" data-id=\"de6682a\" data-element_type=\"section\" data-settings=\"{&quot;background_background&quot;:&quot;classic&quot;}\">\n\t\t\t\t\t\t<div class=\"elementor-container elementor-column-gap-default\">\n\t\t\t\t\t<div class=\"elementor-column elementor-col-50 elementor-top-column elementor-element elementor-element-8ba77bc\" data-id=\"8ba77bc\" data-element_type=\"column\">\n\t\t\t<div class=\"elementor-widget-wrap elementor-element-populated\">\n\t\t\t\t\t\t<div class=\"elementor-element elementor-element-0fca5eb elementor-widget elementor-widget-heading\" data-id=\"0fca5eb\" data-element_type=\"widget\" data-widget_type=\"heading.default\">\n\t\t\t\t<div class=\"elementor-widget-container\">\n\t\t\t<h2 class=\"elementor-heading-title elementor-size-default\">Formation<\/h2>\t\t<\/div>\n\t\t\t\t<\/div>\n\t\t\t\t<div class=\"elementor-element elementor-element-4b6fc59 elementor-widget elementor-widget-text-editor\" data-id=\"4b6fc59\" data-element_type=\"widget\" data-widget_type=\"text-editor.default\">\n\t\t\t\t<div class=\"elementor-widget-container\">\n\t\t\t\t\t\t\t<ul><li>Dipl\u00f4me de Traducteur - \u00c9cole de Traduction et d'Interpr\u00e9tation de Zurich; Traductrice de films<span class=\"Apple-converted-space\">\u00a0<\/span><\/li><li>Licence \/ Master en psychologie \u2013 Universit\u00e9 de Gen\u00e8ve<\/li><li>Formation postgrade en psychoth\u00e9rapie psychanalytique et syst\u00e9mique \u00e0 l'Institut de Psychoth\u00e9rapie pour Enfants, Adolescents et Familles \u00e0 Lucerne (KJF)<\/li><li>Formations continues:\u00a0<\/li><\/ul><p style=\"padding-left: 40px;\">Jeu th\u00e9rapeutique avec les enfants (Alfons Aichinger)<br \/>Travail sur les ego-states et mentalisation<br \/>Psychoth\u00e9rapie centr\u00e9e sur le traumatisme avec enfants et adolescents (Lutz Besser)<br \/>Monodrame<\/p>\t\t\t\t\t\t<\/div>\n\t\t\t\t<\/div>\n\t\t\t\t<div class=\"elementor-element elementor-element-0bfb349 elementor-widget elementor-widget-heading\" data-id=\"0bfb349\" data-element_type=\"widget\" data-widget_type=\"heading.default\">\n\t\t\t\t<div class=\"elementor-widget-container\">\n\t\t\t<h1 class=\"elementor-heading-title elementor-size-default\">Exp\u00e9rience professionnelle<\/h1>\t\t<\/div>\n\t\t\t\t<\/div>\n\t\t\t\t<div class=\"elementor-element elementor-element-3fdc0af elementor-widget elementor-widget-text-editor\" data-id=\"3fdc0af\" data-element_type=\"widget\" data-widget_type=\"text-editor.default\">\n\t\t\t\t<div class=\"elementor-widget-container\">\n\t\t\t\t\t\t\t<ul><li>Service p\u00e9dopsychiatrique Bruderholz (B\u00e2le-Campagne)<\/li><li>Service p\u00e9dopsychiatrique r\u00e9gional de Wattwil (Saint-Gall)<\/li><li>Beratungplus \u00e0 Baden<span class=\"Apple-converted-space\">\u00a0<\/span><\/li><li>D\u00e8s 2017 Beratungszentrum+ \u00e0 Baden<\/li><li>D\u00e8s 2015 cabinet priv\u00e9 ind\u00e9pendant \u00e0 Lucerne<\/li><\/ul>\t\t\t\t\t\t<\/div>\n\t\t\t\t<\/div>\n\t\t\t\t\t<\/div>\n\t\t<\/div>\n\t\t\t\t<div class=\"elementor-column elementor-col-50 elementor-top-column elementor-element elementor-element-0dd32c7\" data-id=\"0dd32c7\" data-element_type=\"column\">\n\t\t\t<div class=\"elementor-widget-wrap elementor-element-populated\">\n\t\t\t\t\t\t<div class=\"elementor-element elementor-element-df22ebd elementor-widget elementor-widget-image\" data-id=\"df22ebd\" data-element_type=\"widget\" data-widget_type=\"image.default\">\n\t\t\t\t<div class=\"elementor-widget-container\">\n\t\t\t\t\t\t\t\t\t\t\t\t\t<img decoding=\"async\" width=\"800\" height=\"1000\" src=\"https:\/\/www.tomaschett-praxis.ch\/wp-content\/uploads\/2021\/12\/17-819x1024-1.jpeg\" class=\"attachment-large size-large wp-image-30805\" alt=\"\" srcset=\"https:\/\/www.tomaschett-praxis.ch\/wp-content\/uploads\/2021\/12\/17-819x1024-1.jpeg 819w, https:\/\/www.tomaschett-praxis.ch\/wp-content\/uploads\/2021\/12\/17-819x1024-1-240x300.jpeg 240w, https:\/\/www.tomaschett-praxis.ch\/wp-content\/uploads\/2021\/12\/17-819x1024-1-768x960.jpeg 768w, https:\/\/www.tomaschett-praxis.ch\/wp-content\/uploads\/2021\/12\/17-819x1024-1-10x12.jpeg 10w\" sizes=\"(max-width: 800px) 100vw, 800px\" \/>\t\t\t\t\t\t\t\t\t\t\t\t\t<\/div>\n\t\t\t\t<\/div>\n\t\t\t\t\t<\/div>\n\t\t<\/div>\n\t\t\t\t\t<\/div>\n\t\t<\/section>\n\t\t\t\t<section class=\"elementor-section elementor-top-section elementor-element elementor-element-5d2676c elementor-section-boxed elementor-section-height-default elementor-section-height-default\" data-id=\"5d2676c\" data-element_type=\"section\">\n\t\t\t\t\t\t\t<div class=\"elementor-background-overlay\"><\/div>\n\t\t\t\t\t\t\t<div class=\"elementor-container elementor-column-gap-default\">\n\t\t\t\t\t<div class=\"elementor-column elementor-col-100 elementor-top-column elementor-element elementor-element-d8d8e2c\" data-id=\"d8d8e2c\" data-element_type=\"column\">\n\t\t\t<div class=\"elementor-widget-wrap elementor-element-populated\">\n\t\t\t\t\t\t<div class=\"elementor-element elementor-element-06d4330 elementor-widget elementor-widget-heading\" data-id=\"06d4330\" data-element_type=\"widget\" data-widget_type=\"heading.default\">\n\t\t\t\t<div class=\"elementor-widget-container\">\n\t\t\t<h1 class=\"elementor-heading-title elementor-size-default\">Autorisation de pratique des cantons de<\/h1>\t\t<\/div>\n\t\t\t\t<\/div>\n\t\t\t\t<div class=\"elementor-element elementor-element-5455f31 elementor-widget elementor-widget-text-editor\" data-id=\"5455f31\" data-element_type=\"widget\" data-widget_type=\"text-editor.default\">\n\t\t\t\t<div class=\"elementor-widget-container\">\n\t\t\t\t\t\t\tLuzern \t\t\t\t\t\t<\/div>\n\t\t\t\t<\/div>\n\t\t\t\t<div class=\"elementor-element elementor-element-cffe337 elementor-hidden-desktop elementor-hidden-tablet elementor-hidden-mobile elementor-widget elementor-widget-text-editor\" data-id=\"cffe337\" data-element_type=\"widget\" data-widget_type=\"text-editor.default\">\n\t\t\t\t<div class=\"elementor-widget-container\">\n\t\t\t\t\t\t\t<p>der Kantone Luzern<\/p>\t\t\t\t\t\t<\/div>\n\t\t\t\t<\/div>\n\t\t\t\t\t<\/div>\n\t\t<\/div>\n\t\t\t\t\t<\/div>\n\t\t<\/section>\n\t\t\t\t<\/div>","protected":false},"excerpt":{"rendered":"<p>\u00dcber mich Fachpsychologin f\u00fcr Psychotherapie FSP Eidg. anerkannte Psychotherapeutin Manuela Tomaschett Ich bin ausgebildete Fachpsychologin f\u00fcr Psychotherapie FSP und eidgen\u00f6ssisch anerkannte Psychotherapeutin. Seit 2015 f\u00fchre ich meine eigene Praxis f\u00fcr psychologische Beratung und Psychotherapie an der Morgartenstrasse 7 in Luzern in der N\u00e4he des Bahnhofs Luzern. Deutsch Franz\u00f6sisch Italienisch Englisch Spanisch Kontakt Ausbildung \u00dcbersetzerdiplom der [&hellip;]<\/p>","protected":false},"author":4,"featured_media":30800,"parent":0,"menu_order":3,"comment_status":"closed","ping_status":"closed","template":"elementor_header_footer","meta":{"footnotes":""},"class_list":["post-28855","page","type-page","status-publish","has-post-thumbnail","hentry"],"yoast_head":"<!-- This site is optimized with the Yoast SEO plugin v23.2 - https:\/\/yoast.com\/wordpress\/plugins\/seo\/ -->\n<title>\u00dcber mich - Manuela Tomaschett<\/title>\n<meta name=\"description\" content=\"Ich bin ausgebildete Fachpsychologin f\u00fcr Psychotherapie FSP und eidgen\u00f6ssisch anerkannte Psychotherapeutin...\" \/>\n<meta name=\"robots\" content=\"index, follow, max-snippet:-1, max-image-preview:large, max-video-preview:-1\" \/>\n<link rel=\"canonical\" href=\"https:\/\/www.tomaschett-praxis.ch\/fr\/uber-mich\/\" \/>\n<meta property=\"og:locale\" content=\"fr_FR\" \/>\n<meta property=\"og:type\" content=\"article\" \/>\n<meta property=\"og:title\" content=\"\u00dcber mich - Manuela Tomaschett\" \/>\n<meta property=\"og:description\" content=\"Ich bin ausgebildete Fachpsychologin f\u00fcr Psychotherapie FSP und eidgen\u00f6ssisch anerkannte Psychotherapeutin...\" \/>\n<meta property=\"og:url\" content=\"https:\/\/www.tomaschett-praxis.ch\/fr\/uber-mich\/\" \/>\n<meta property=\"og:site_name\" content=\"Manuela Tomaschett\" \/>\n<meta property=\"article:modified_time\" content=\"2024-02-29T09:22:24+00:00\" \/>\n<meta property=\"og:image\" content=\"https:\/\/www.tomaschett-praxis.ch\/wp-content\/uploads\/2021\/12\/Manuela-1.jpg\" \/>\n\t<meta property=\"og:image:width\" content=\"1024\" \/>\n\t<meta property=\"og:image:height\" content=\"1024\" \/>\n\t<meta property=\"og:image:type\" content=\"image\/jpeg\" \/>\n<meta name=\"twitter:card\" content=\"summary_large_image\" \/>\n<meta name=\"twitter:label1\" content=\"Dur\u00e9e de lecture estim\u00e9e\" \/>\n\t<meta name=\"twitter:data1\" content=\"2 minutes\" \/>\n<script type=\"application\/ld+json\" class=\"yoast-schema-graph\">{\"@context\":\"https:\/\/schema.org\",\"@graph\":[{\"@type\":\"WebPage\",\"@id\":\"https:\/\/www.tomaschett-praxis.ch\/it\/uber-mich\/\",\"url\":\"https:\/\/www.tomaschett-praxis.ch\/it\/uber-mich\/\",\"name\":\"\u00dcber mich - Manuela Tomaschett\",\"isPartOf\":{\"@id\":\"http:\/\/www.tomaschett-praxis.ch\/#website\"},\"primaryImageOfPage\":{\"@id\":\"https:\/\/www.tomaschett-praxis.ch\/it\/uber-mich\/#primaryimage\"},\"image\":{\"@id\":\"https:\/\/www.tomaschett-praxis.ch\/it\/uber-mich\/#primaryimage\"},\"thumbnailUrl\":\"https:\/\/www.tomaschett-praxis.ch\/wp-content\/uploads\/2021\/12\/Manuela-1.jpg\",\"datePublished\":\"2020-10-14T12:16:05+00:00\",\"dateModified\":\"2024-02-29T09:22:24+00:00\",\"description\":\"Ich bin ausgebildete Fachpsychologin f\u00fcr Psychotherapie FSP und eidgen\u00f6ssisch anerkannte Psychotherapeutin...\",\"breadcrumb\":{\"@id\":\"https:\/\/www.tomaschett-praxis.ch\/it\/uber-mich\/#breadcrumb\"},\"inLanguage\":\"fr-FR\",\"potentialAction\":[{\"@type\":\"ReadAction\",\"target\":[\"https:\/\/www.tomaschett-praxis.ch\/it\/uber-mich\/\"]}]},{\"@type\":\"ImageObject\",\"inLanguage\":\"fr-FR\",\"@id\":\"https:\/\/www.tomaschett-praxis.ch\/it\/uber-mich\/#primaryimage\",\"url\":\"https:\/\/www.tomaschett-praxis.ch\/wp-content\/uploads\/2021\/12\/Manuela-1.jpg\",\"contentUrl\":\"https:\/\/www.tomaschett-praxis.ch\/wp-content\/uploads\/2021\/12\/Manuela-1.jpg\",\"width\":1024,\"height\":1024},{\"@type\":\"BreadcrumbList\",\"@id\":\"https:\/\/www.tomaschett-praxis.ch\/it\/uber-mich\/#breadcrumb\",\"itemListElement\":[{\"@type\":\"ListItem\",\"position\":1,\"name\":\"Home\",\"item\":\"http:\/\/www.tomaschett-praxis.ch\/\"},{\"@type\":\"ListItem\",\"position\":2,\"name\":\"\u00dcber mich\"}]},{\"@type\":\"WebSite\",\"@id\":\"http:\/\/www.tomaschett-praxis.ch\/#website\",\"url\":\"http:\/\/www.tomaschett-praxis.ch\/\",\"name\":\"Manuela Tomaschett\",\"description\":\"Home\",\"inLanguage\":\"fr-FR\"}]}<\/script>\n<!-- \/ Yoast SEO plugin. -->","yoast_head_json":{"title":"\u00dcber mich - Manuela Tomaschett","description":"Ich bin ausgebildete Fachpsychologin f\u00fcr Psychotherapie FSP und eidgen\u00f6ssisch anerkannte Psychotherapeutin...","robots":{"index":"index","follow":"follow","max-snippet":"max-snippet:-1","max-image-preview":"max-image-preview:large","max-video-preview":"max-video-preview:-1"},"canonical":"https:\/\/www.tomaschett-praxis.ch\/fr\/uber-mich\/","og_locale":"fr_FR","og_type":"article","og_title":"\u00dcber mich - Manuela Tomaschett","og_description":"Ich bin ausgebildete Fachpsychologin f\u00fcr Psychotherapie FSP und eidgen\u00f6ssisch anerkannte Psychotherapeutin...","og_url":"https:\/\/www.tomaschett-praxis.ch\/fr\/uber-mich\/","og_site_name":"Manuela Tomaschett","article_modified_time":"2024-02-29T09:22:24+00:00","og_image":[{"width":1024,"height":1024,"url":"https:\/\/www.tomaschett-praxis.ch\/wp-content\/uploads\/2021\/12\/Manuela-1.jpg","type":"image\/jpeg"}],"twitter_card":"summary_large_image","twitter_misc":{"Dur\u00e9e de lecture estim\u00e9e":"2 minutes"},"schema":{"@context":"https:\/\/schema.org","@graph":[{"@type":"WebPage","@id":"https:\/\/www.tomaschett-praxis.ch\/it\/uber-mich\/","url":"https:\/\/www.tomaschett-praxis.ch\/it\/uber-mich\/","name":"\u00dcber mich - Manuela Tomaschett","isPartOf":{"@id":"http:\/\/www.tomaschett-praxis.ch\/#website"},"primaryImageOfPage":{"@id":"https:\/\/www.tomaschett-praxis.ch\/it\/uber-mich\/#primaryimage"},"image":{"@id":"https:\/\/www.tomaschett-praxis.ch\/it\/uber-mich\/#primaryimage"},"thumbnailUrl":"https:\/\/www.tomaschett-praxis.ch\/wp-content\/uploads\/2021\/12\/Manuela-1.jpg","datePublished":"2020-10-14T12:16:05+00:00","dateModified":"2024-02-29T09:22:24+00:00","description":"Ich bin ausgebildete Fachpsychologin f\u00fcr Psychotherapie FSP und eidgen\u00f6ssisch anerkannte Psychotherapeutin...","breadcrumb":{"@id":"https:\/\/www.tomaschett-praxis.ch\/it\/uber-mich\/#breadcrumb"},"inLanguage":"fr-FR","potentialAction":[{"@type":"ReadAction","target":["https:\/\/www.tomaschett-praxis.ch\/it\/uber-mich\/"]}]},{"@type":"ImageObject","inLanguage":"fr-FR","@id":"https:\/\/www.tomaschett-praxis.ch\/it\/uber-mich\/#primaryimage","url":"https:\/\/www.tomaschett-praxis.ch\/wp-content\/uploads\/2021\/12\/Manuela-1.jpg","contentUrl":"https:\/\/www.tomaschett-praxis.ch\/wp-content\/uploads\/2021\/12\/Manuela-1.jpg","width":1024,"height":1024},{"@type":"BreadcrumbList","@id":"https:\/\/www.tomaschett-praxis.ch\/it\/uber-mich\/#breadcrumb","itemListElement":[{"@type":"ListItem","position":1,"name":"Home","item":"http:\/\/www.tomaschett-praxis.ch\/"},{"@type":"ListItem","position":2,"name":"\u00dcber mich"}]},{"@type":"WebSite","@id":"http:\/\/www.tomaschett-praxis.ch\/#website","url":"http:\/\/www.tomaschett-praxis.ch\/","name":"Manuela Tomaschett","description":"Home","inLanguage":"fr-FR"}]}},"_links":{"self":[{"href":"https:\/\/www.tomaschett-praxis.ch\/fr\/wp-json\/wp\/v2\/pages\/28855"}],"collection":[{"href":"https:\/\/www.tomaschett-praxis.ch\/fr\/wp-json\/wp\/v2\/pages"}],"about":[{"href":"https:\/\/www.tomaschett-praxis.ch\/fr\/wp-json\/wp\/v2\/types\/page"}],"author":[{"embeddable":true,"href":"https:\/\/www.tomaschett-praxis.ch\/fr\/wp-json\/wp\/v2\/users\/4"}],"replies":[{"embeddable":true,"href":"https:\/\/www.tomaschett-praxis.ch\/fr\/wp-json\/wp\/v2\/comments?post=28855"}],"version-history":[{"count":227,"href":"https:\/\/www.tomaschett-praxis.ch\/fr\/wp-json\/wp\/v2\/pages\/28855\/revisions"}],"predecessor-version":[{"id":31168,"href":"https:\/\/www.tomaschett-praxis.ch\/fr\/wp-json\/wp\/v2\/pages\/28855\/revisions\/31168"}],"wp:featuredmedia":[{"embeddable":true,"href":"https:\/\/www.tomaschett-praxis.ch\/fr\/wp-json\/wp\/v2\/media\/30800"}],"wp:attachment":[{"href":"https:\/\/www.tomaschett-praxis.ch\/fr\/wp-json\/wp\/v2\/media?parent=28855"}],"curies":[{"name":"wp","href":"https:\/\/api.w.org\/{rel}","templated":true}]}}