{"id":28855,"date":"2020-10-14T14:16:05","date_gmt":"2020-10-14T12:16:05","guid":{"rendered":"https:\/\/tomaschett.brentex.ch\/?page_id=28855"},"modified":"2024-02-29T10:22:24","modified_gmt":"2024-02-29T09:22:24","slug":"uber-mich","status":"publish","type":"page","link":"https:\/\/www.tomaschett-praxis.ch\/en\/uber-mich\/","title":{"rendered":"About me"},"content":{"rendered":"<div data-elementor-type=\"wp-page\" data-elementor-id=\"28855\" class=\"elementor elementor-28855\" data-elementor-post-type=\"page\">\n\t\t\t\t\t\t<section class=\"elementor-section elementor-top-section elementor-element elementor-element-28bb0ba elementor-section-full_width elementor-section-height-min-height elementor-section-height-default elementor-section-items-middle\" data-id=\"28bb0ba\" data-element_type=\"section\" data-settings=\"{&quot;background_background&quot;:&quot;classic&quot;,&quot;background_motion_fx_motion_fx_scrolling&quot;:&quot;yes&quot;,&quot;background_motion_fx_translateY_effect&quot;:&quot;yes&quot;,&quot;background_motion_fx_translateY_direction&quot;:&quot;negative&quot;,&quot;background_motion_fx_translateY_speed&quot;:{&quot;unit&quot;:&quot;px&quot;,&quot;size&quot;:4,&quot;sizes&quot;:[]},&quot;background_motion_fx_translateY_affectedRange&quot;:{&quot;unit&quot;:&quot;%&quot;,&quot;size&quot;:&quot;&quot;,&quot;sizes&quot;:{&quot;start&quot;:0,&quot;end&quot;:100}},&quot;background_motion_fx_devices&quot;:[&quot;desktop&quot;,&quot;tablet&quot;,&quot;mobile&quot;]}\">\n\t\t\t\t\t\t\t<div class=\"elementor-background-overlay\"><\/div>\n\t\t\t\t\t\t\t<div class=\"elementor-container elementor-column-gap-default\">\n\t\t\t\t\t<div class=\"elementor-column elementor-col-100 elementor-top-column elementor-element elementor-element-2051bce\" data-id=\"2051bce\" data-element_type=\"column\">\n\t\t\t<div class=\"elementor-widget-wrap elementor-element-populated\">\n\t\t\t\t\t\t<div class=\"elementor-element elementor-element-101fa40 elementor-widget elementor-widget-heading\" data-id=\"101fa40\" data-element_type=\"widget\" data-widget_type=\"heading.default\">\n\t\t\t\t<div class=\"elementor-widget-container\">\n\t\t\t<h2 class=\"elementor-heading-title elementor-size-default\">About me<\/h2>\t\t<\/div>\n\t\t\t\t<\/div>\n\t\t\t\t\t<\/div>\n\t\t<\/div>\n\t\t\t\t\t<\/div>\n\t\t<\/section>\n\t\t\t\t<section class=\"elementor-section elementor-top-section elementor-element elementor-element-2f6c991 elementor-section-height-min-height elementor-reverse-mobile elementor-section-boxed elementor-section-height-default elementor-section-items-middle\" data-id=\"2f6c991\" data-element_type=\"section\">\n\t\t\t\t\t\t\t<div class=\"elementor-background-overlay\"><\/div>\n\t\t\t\t\t\t\t<div class=\"elementor-container elementor-column-gap-default\">\n\t\t\t\t\t<div class=\"elementor-column elementor-col-50 elementor-top-column elementor-element elementor-element-f5508a3\" data-id=\"f5508a3\" data-element_type=\"column\">\n\t\t\t<div class=\"elementor-widget-wrap elementor-element-populated\">\n\t\t\t\t\t\t<div class=\"elementor-element elementor-element-c6c55a8 elementor-widget elementor-widget-image\" data-id=\"c6c55a8\" data-element_type=\"widget\" data-widget_type=\"image.default\">\n\t\t\t\t<div class=\"elementor-widget-container\">\n\t\t\t\t\t\t\t\t\t\t\t\t\t<img fetchpriority=\"high\" decoding=\"async\" width=\"819\" height=\"1024\" src=\"https:\/\/www.tomaschett-praxis.ch\/wp-content\/uploads\/2021\/12\/16-819x1024-min.png\" class=\"attachment-full size-full wp-image-30807\" alt=\"\" srcset=\"https:\/\/www.tomaschett-praxis.ch\/wp-content\/uploads\/2021\/12\/16-819x1024-min.png 819w, https:\/\/www.tomaschett-praxis.ch\/wp-content\/uploads\/2021\/12\/16-819x1024-min-240x300.png 240w, https:\/\/www.tomaschett-praxis.ch\/wp-content\/uploads\/2021\/12\/16-819x1024-min-768x960.png 768w, https:\/\/www.tomaschett-praxis.ch\/wp-content\/uploads\/2021\/12\/16-819x1024-min-10x12.png 10w\" sizes=\"(max-width: 819px) 100vw, 819px\" \/>\t\t\t\t\t\t\t\t\t\t\t\t\t<\/div>\n\t\t\t\t<\/div>\n\t\t\t\t<div class=\"elementor-element elementor-element-e86daf4 elementor-widget elementor-widget-text-editor\" data-id=\"e86daf4\" data-element_type=\"widget\" data-widget_type=\"text-editor.default\">\n\t\t\t\t<div class=\"elementor-widget-container\">\n\t\t\t\t\t\t\tPsychological psychotherapist FSP\n<br>Federally approved\t\t\t\t\t\t<\/div>\n\t\t\t\t<\/div>\n\t\t\t\t\t<\/div>\n\t\t<\/div>\n\t\t\t\t<div class=\"elementor-column elementor-col-50 elementor-top-column elementor-element elementor-element-29d4579\" data-id=\"29d4579\" data-element_type=\"column\">\n\t\t\t<div class=\"elementor-widget-wrap elementor-element-populated\">\n\t\t\t\t\t\t<div class=\"elementor-element elementor-element-dbfa8c8 elementor-widget elementor-widget-heading\" data-id=\"dbfa8c8\" data-element_type=\"widget\" data-widget_type=\"heading.default\">\n\t\t\t\t<div class=\"elementor-widget-container\">\n\t\t\t<h2 class=\"elementor-heading-title elementor-size-default\">Manuela Tomaschett<\/h2>\t\t<\/div>\n\t\t\t\t<\/div>\n\t\t\t\t<div class=\"elementor-element elementor-element-a574d1a elementor-widget elementor-widget-text-editor\" data-id=\"a574d1a\" data-element_type=\"widget\" data-widget_type=\"text-editor.default\">\n\t\t\t\t<div class=\"elementor-widget-container\">\n\t\t\t\t\t\t\t<p class=\"bodytext\">I am a certified psychological psychotherapist FSP and federally approved. <br \/><br \/>In 2015 I started my independent practice for psychological counselling and psychotherapy at Morgartenstrasse 7 in Lucerne, close to the railway station.<\/p>\t\t\t\t\t\t<\/div>\n\t\t\t\t<\/div>\n\t\t\t\t<div class=\"elementor-element elementor-element-b7ce2e8 elementor-icon-list--layout-inline elementor-mobile-align-center elementor-list-item-link-full_width elementor-widget elementor-widget-icon-list\" data-id=\"b7ce2e8\" data-element_type=\"widget\" data-widget_type=\"icon-list.default\">\n\t\t\t\t<div class=\"elementor-widget-container\">\n\t\t\t\t\t<ul class=\"elementor-icon-list-items elementor-inline-items\">\n\t\t\t\t\t\t\t<li class=\"elementor-icon-list-item elementor-inline-item\">\n\t\t\t\t\t\t\t\t\t\t\t<span class=\"elementor-icon-list-icon\">\n\t\t\t\t\t\t\t<i aria-hidden=\"true\" class=\"fas fa-check\"><\/i>\t\t\t\t\t\t<\/span>\n\t\t\t\t\t\t\t\t\t\t<span class=\"elementor-icon-list-text\">German<\/span>\n\t\t\t\t\t\t\t\t\t<\/li>\n\t\t\t\t\t\t\t\t<li class=\"elementor-icon-list-item elementor-inline-item\">\n\t\t\t\t\t\t\t\t\t\t\t<span class=\"elementor-icon-list-icon\">\n\t\t\t\t\t\t\t<i aria-hidden=\"true\" class=\"fas fa-check\"><\/i>\t\t\t\t\t\t<\/span>\n\t\t\t\t\t\t\t\t\t\t<span class=\"elementor-icon-list-text\">French<\/span>\n\t\t\t\t\t\t\t\t\t<\/li>\n\t\t\t\t\t\t\t\t<li class=\"elementor-icon-list-item elementor-inline-item\">\n\t\t\t\t\t\t\t\t\t\t\t<span class=\"elementor-icon-list-icon\">\n\t\t\t\t\t\t\t<i aria-hidden=\"true\" class=\"fas fa-check\"><\/i>\t\t\t\t\t\t<\/span>\n\t\t\t\t\t\t\t\t\t\t<span class=\"elementor-icon-list-text\">Italian<\/span>\n\t\t\t\t\t\t\t\t\t<\/li>\n\t\t\t\t\t\t\t\t<li class=\"elementor-icon-list-item elementor-inline-item\">\n\t\t\t\t\t\t\t\t\t\t\t<span class=\"elementor-icon-list-icon\">\n\t\t\t\t\t\t\t<i aria-hidden=\"true\" class=\"fas fa-check\"><\/i>\t\t\t\t\t\t<\/span>\n\t\t\t\t\t\t\t\t\t\t<span class=\"elementor-icon-list-text\">English<\/span>\n\t\t\t\t\t\t\t\t\t<\/li>\n\t\t\t\t\t\t\t\t<li class=\"elementor-icon-list-item elementor-inline-item\">\n\t\t\t\t\t\t\t\t\t\t\t<span class=\"elementor-icon-list-icon\">\n\t\t\t\t\t\t\t<i aria-hidden=\"true\" class=\"fas fa-check\"><\/i>\t\t\t\t\t\t<\/span>\n\t\t\t\t\t\t\t\t\t\t<span class=\"elementor-icon-list-text\">Spanish<\/span>\n\t\t\t\t\t\t\t\t\t<\/li>\n\t\t\t\t\t\t<\/ul>\n\t\t\t\t<\/div>\n\t\t\t\t<\/div>\n\t\t\t\t<div class=\"elementor-element elementor-element-a9f4759 elementor-align-left elementor-mobile-align-center elementor-invisible elementor-widget elementor-widget-button\" data-id=\"a9f4759\" data-element_type=\"widget\" data-settings=\"{&quot;_animation&quot;:&quot;fadeInDown&quot;}\" data-widget_type=\"button.default\">\n\t\t\t\t<div class=\"elementor-widget-container\">\n\t\t\t\t\t<div class=\"elementor-button-wrapper\">\n\t\t\t<a class=\"elementor-button elementor-button-link elementor-size-lg\" href=\"https:\/\/www.tomaschett-praxis.ch\/en\/kontakt\/\">\n\t\t\t\t\t\t<span class=\"elementor-button-content-wrapper\">\n\t\t\t\t\t\t\t\t\t<span class=\"elementor-button-text\">Contact<\/span>\n\t\t\t\t\t<\/span>\n\t\t\t\t\t<\/a>\n\t\t<\/div>\n\t\t\t\t<\/div>\n\t\t\t\t<\/div>\n\t\t\t\t\t<\/div>\n\t\t<\/div>\n\t\t\t\t\t<\/div>\n\t\t<\/section>\n\t\t\t\t<section class=\"elementor-section elementor-top-section elementor-element elementor-element-de6682a elementor-section-boxed elementor-section-height-default elementor-section-height-default\" data-id=\"de6682a\" data-element_type=\"section\" data-settings=\"{&quot;background_background&quot;:&quot;classic&quot;}\">\n\t\t\t\t\t\t<div class=\"elementor-container elementor-column-gap-default\">\n\t\t\t\t\t<div class=\"elementor-column elementor-col-50 elementor-top-column elementor-element elementor-element-8ba77bc\" data-id=\"8ba77bc\" data-element_type=\"column\">\n\t\t\t<div class=\"elementor-widget-wrap elementor-element-populated\">\n\t\t\t\t\t\t<div class=\"elementor-element elementor-element-0fca5eb elementor-widget elementor-widget-heading\" data-id=\"0fca5eb\" data-element_type=\"widget\" data-widget_type=\"heading.default\">\n\t\t\t\t<div class=\"elementor-widget-container\">\n\t\t\t<h2 class=\"elementor-heading-title elementor-size-default\">Education<\/h2>\t\t<\/div>\n\t\t\t\t<\/div>\n\t\t\t\t<div class=\"elementor-element elementor-element-4b6fc59 elementor-widget elementor-widget-text-editor\" data-id=\"4b6fc59\" data-element_type=\"widget\" data-widget_type=\"text-editor.default\">\n\t\t\t\t<div class=\"elementor-widget-container\">\n\t\t\t\t\t\t\t<ul><li>Translation degree at Zurich School of Translation and Interpreting; Movie translator<span class=\"Apple-converted-space\">\u00a0<\/span><\/li><li>Psychology masters degree at Geneva University<\/li><li>Postgraduate training in psychoanalytic-systemic psychotherapy at the Institute for Child, Youth and Family Therapy Lucerne (KJF)<\/li><li>Further trainings:\u00a0<\/li><\/ul><p style=\"padding-left: 40px;\">Therapeutic play with children (Alfons Aichinger)<br \/>Ego-states and mentalising<br \/>Trauma-centred psychotherapy with children and adolescents (Lutz Besser)<br \/>Monodrama<\/p>\t\t\t\t\t\t<\/div>\n\t\t\t\t<\/div>\n\t\t\t\t<div class=\"elementor-element elementor-element-0bfb349 elementor-widget elementor-widget-heading\" data-id=\"0bfb349\" data-element_type=\"widget\" data-widget_type=\"heading.default\">\n\t\t\t\t<div class=\"elementor-widget-container\">\n\t\t\t<h1 class=\"elementor-heading-title elementor-size-default\">Professional career<\/h1>\t\t<\/div>\n\t\t\t\t<\/div>\n\t\t\t\t<div class=\"elementor-element elementor-element-3fdc0af elementor-widget elementor-widget-text-editor\" data-id=\"3fdc0af\" data-element_type=\"widget\" data-widget_type=\"text-editor.default\">\n\t\t\t\t<div class=\"elementor-widget-container\">\n\t\t\t\t\t\t\t<ul><li>Department for Child and Adolescent Psychiatry Bruderholz, Basel-Landschaft<\/li><li>Department for Child and Adolescent Psychiatry Wattwil, St. Gallen<\/li><li>Beratungplus, Counselling for Children and Adults, Baden<span class=\"Apple-converted-space\">\u00a0<\/span><\/li><li>Since 2017 BZBplus, Baden<\/li><li>Since 2015 independent psychotherapeutic practice in Lucerne<\/li><\/ul>\t\t\t\t\t\t<\/div>\n\t\t\t\t<\/div>\n\t\t\t\t\t<\/div>\n\t\t<\/div>\n\t\t\t\t<div class=\"elementor-column elementor-col-50 elementor-top-column elementor-element elementor-element-0dd32c7\" data-id=\"0dd32c7\" data-element_type=\"column\">\n\t\t\t<div class=\"elementor-widget-wrap elementor-element-populated\">\n\t\t\t\t\t\t<div class=\"elementor-element elementor-element-df22ebd elementor-widget elementor-widget-image\" data-id=\"df22ebd\" data-element_type=\"widget\" data-widget_type=\"image.default\">\n\t\t\t\t<div class=\"elementor-widget-container\">\n\t\t\t\t\t\t\t\t\t\t\t\t\t<img decoding=\"async\" width=\"800\" height=\"1000\" src=\"https:\/\/www.tomaschett-praxis.ch\/wp-content\/uploads\/2021\/12\/17-819x1024-1.jpeg\" class=\"attachment-large size-large wp-image-30805\" alt=\"\" srcset=\"https:\/\/www.tomaschett-praxis.ch\/wp-content\/uploads\/2021\/12\/17-819x1024-1.jpeg 819w, https:\/\/www.tomaschett-praxis.ch\/wp-content\/uploads\/2021\/12\/17-819x1024-1-240x300.jpeg 240w, https:\/\/www.tomaschett-praxis.ch\/wp-content\/uploads\/2021\/12\/17-819x1024-1-768x960.jpeg 768w, https:\/\/www.tomaschett-praxis.ch\/wp-content\/uploads\/2021\/12\/17-819x1024-1-10x12.jpeg 10w\" sizes=\"(max-width: 800px) 100vw, 800px\" \/>\t\t\t\t\t\t\t\t\t\t\t\t\t<\/div>\n\t\t\t\t<\/div>\n\t\t\t\t\t<\/div>\n\t\t<\/div>\n\t\t\t\t\t<\/div>\n\t\t<\/section>\n\t\t\t\t<section class=\"elementor-section elementor-top-section elementor-element elementor-element-5d2676c elementor-section-boxed elementor-section-height-default elementor-section-height-default\" data-id=\"5d2676c\" data-element_type=\"section\">\n\t\t\t\t\t\t\t<div class=\"elementor-background-overlay\"><\/div>\n\t\t\t\t\t\t\t<div class=\"elementor-container elementor-column-gap-default\">\n\t\t\t\t\t<div class=\"elementor-column elementor-col-100 elementor-top-column elementor-element elementor-element-d8d8e2c\" data-id=\"d8d8e2c\" data-element_type=\"column\">\n\t\t\t<div class=\"elementor-widget-wrap elementor-element-populated\">\n\t\t\t\t\t\t<div class=\"elementor-element elementor-element-06d4330 elementor-widget elementor-widget-heading\" data-id=\"06d4330\" data-element_type=\"widget\" data-widget_type=\"heading.default\">\n\t\t\t\t<div class=\"elementor-widget-container\">\n\t\t\t<h1 class=\"elementor-heading-title elementor-size-default\">Practice permit issued by the cantons of<\/h1>\t\t<\/div>\n\t\t\t\t<\/div>\n\t\t\t\t<div class=\"elementor-element elementor-element-5455f31 elementor-widget elementor-widget-text-editor\" data-id=\"5455f31\" data-element_type=\"widget\" data-widget_type=\"text-editor.default\">\n\t\t\t\t<div class=\"elementor-widget-container\">\n\t\t\t\t\t\t\tLuzern \t\t\t\t\t\t<\/div>\n\t\t\t\t<\/div>\n\t\t\t\t<div class=\"elementor-element elementor-element-cffe337 elementor-hidden-desktop elementor-hidden-tablet elementor-hidden-mobile elementor-widget elementor-widget-text-editor\" data-id=\"cffe337\" data-element_type=\"widget\" data-widget_type=\"text-editor.default\">\n\t\t\t\t<div class=\"elementor-widget-container\">\n\t\t\t\t\t\t\t<p>der Kantone Luzern<\/p>\t\t\t\t\t\t<\/div>\n\t\t\t\t<\/div>\n\t\t\t\t\t<\/div>\n\t\t<\/div>\n\t\t\t\t\t<\/div>\n\t\t<\/section>\n\t\t\t\t<\/div>","protected":false},"excerpt":{"rendered":"<p>\u00dcber mich Fachpsychologin f\u00fcr Psychotherapie FSP Eidg. anerkannte Psychotherapeutin Manuela Tomaschett Ich bin ausgebildete Fachpsychologin f\u00fcr Psychotherapie FSP und eidgen\u00f6ssisch anerkannte Psychotherapeutin. Seit 2015 f\u00fchre ich meine eigene Praxis f\u00fcr psychologische Beratung und Psychotherapie an der Morgartenstrasse 7 in Luzern in der N\u00e4he des Bahnhofs Luzern. Deutsch Franz\u00f6sisch Italienisch Englisch Spanisch Kontakt Ausbildung \u00dcbersetzerdiplom der [&hellip;]<\/p>","protected":false},"author":4,"featured_media":30800,"parent":0,"menu_order":3,"comment_status":"closed","ping_status":"closed","template":"elementor_header_footer","meta":{"footnotes":""},"class_list":["post-28855","page","type-page","status-publish","has-post-thumbnail","hentry"],"yoast_head":"<!-- This site is optimized with the Yoast SEO plugin v23.2 - https:\/\/yoast.com\/wordpress\/plugins\/seo\/ -->\n<title>\u00dcber mich - Manuela Tomaschett<\/title>\n<meta name=\"description\" content=\"Ich bin ausgebildete Fachpsychologin f\u00fcr Psychotherapie FSP und eidgen\u00f6ssisch anerkannte Psychotherapeutin...\" \/>\n<meta name=\"robots\" content=\"index, follow, max-snippet:-1, max-image-preview:large, max-video-preview:-1\" \/>\n<link rel=\"canonical\" href=\"https:\/\/www.tomaschett-praxis.ch\/en\/uber-mich\/\" \/>\n<meta property=\"og:locale\" content=\"en_GB\" \/>\n<meta property=\"og:type\" content=\"article\" \/>\n<meta property=\"og:title\" content=\"\u00dcber mich - Manuela Tomaschett\" \/>\n<meta property=\"og:description\" content=\"Ich bin ausgebildete Fachpsychologin f\u00fcr Psychotherapie FSP und eidgen\u00f6ssisch anerkannte Psychotherapeutin...\" \/>\n<meta property=\"og:url\" content=\"https:\/\/www.tomaschett-praxis.ch\/en\/uber-mich\/\" \/>\n<meta property=\"og:site_name\" content=\"Manuela Tomaschett\" \/>\n<meta property=\"article:modified_time\" content=\"2024-02-29T09:22:24+00:00\" \/>\n<meta property=\"og:image\" content=\"https:\/\/www.tomaschett-praxis.ch\/wp-content\/uploads\/2021\/12\/Manuela-1.jpg\" \/>\n\t<meta property=\"og:image:width\" content=\"1024\" \/>\n\t<meta property=\"og:image:height\" content=\"1024\" \/>\n\t<meta property=\"og:image:type\" content=\"image\/jpeg\" \/>\n<meta name=\"twitter:card\" content=\"summary_large_image\" \/>\n<meta name=\"twitter:label1\" content=\"Estimated reading time\" \/>\n\t<meta name=\"twitter:data1\" content=\"2 minutes\" \/>\n<script type=\"application\/ld+json\" class=\"yoast-schema-graph\">{\"@context\":\"https:\/\/schema.org\",\"@graph\":[{\"@type\":\"WebPage\",\"@id\":\"https:\/\/www.tomaschett-praxis.ch\/uber-mich\/\",\"url\":\"https:\/\/www.tomaschett-praxis.ch\/uber-mich\/\",\"name\":\"\u00dcber mich - Manuela Tomaschett\",\"isPartOf\":{\"@id\":\"https:\/\/www.tomaschett-praxis.ch\/en\/#website\"},\"primaryImageOfPage\":{\"@id\":\"https:\/\/www.tomaschett-praxis.ch\/uber-mich\/#primaryimage\"},\"image\":{\"@id\":\"https:\/\/www.tomaschett-praxis.ch\/uber-mich\/#primaryimage\"},\"thumbnailUrl\":\"https:\/\/www.tomaschett-praxis.ch\/wp-content\/uploads\/2021\/12\/Manuela-1.jpg\",\"datePublished\":\"2020-10-14T12:16:05+00:00\",\"dateModified\":\"2024-02-29T09:22:24+00:00\",\"description\":\"Ich bin ausgebildete Fachpsychologin f\u00fcr Psychotherapie FSP und eidgen\u00f6ssisch anerkannte Psychotherapeutin...\",\"breadcrumb\":{\"@id\":\"https:\/\/www.tomaschett-praxis.ch\/uber-mich\/#breadcrumb\"},\"inLanguage\":\"en-GB\",\"potentialAction\":[{\"@type\":\"ReadAction\",\"target\":[\"https:\/\/www.tomaschett-praxis.ch\/uber-mich\/\"]}]},{\"@type\":\"ImageObject\",\"inLanguage\":\"en-GB\",\"@id\":\"https:\/\/www.tomaschett-praxis.ch\/uber-mich\/#primaryimage\",\"url\":\"https:\/\/www.tomaschett-praxis.ch\/wp-content\/uploads\/2021\/12\/Manuela-1.jpg\",\"contentUrl\":\"https:\/\/www.tomaschett-praxis.ch\/wp-content\/uploads\/2021\/12\/Manuela-1.jpg\",\"width\":1024,\"height\":1024},{\"@type\":\"BreadcrumbList\",\"@id\":\"https:\/\/www.tomaschett-praxis.ch\/uber-mich\/#breadcrumb\",\"itemListElement\":[{\"@type\":\"ListItem\",\"position\":1,\"name\":\"Home\",\"item\":\"https:\/\/www.tomaschett-praxis.ch\/en\/\"},{\"@type\":\"ListItem\",\"position\":2,\"name\":\"\u00dcber mich\"}]},{\"@type\":\"WebSite\",\"@id\":\"https:\/\/www.tomaschett-praxis.ch\/en\/#website\",\"url\":\"https:\/\/www.tomaschett-praxis.ch\/en\/\",\"name\":\"Manuela Tomaschett\",\"description\":\"Home\",\"inLanguage\":\"en-GB\"}]}<\/script>\n<!-- \/ Yoast SEO plugin. -->","yoast_head_json":{"title":"\u00dcber mich - Manuela Tomaschett","description":"Ich bin ausgebildete Fachpsychologin f\u00fcr Psychotherapie FSP und eidgen\u00f6ssisch anerkannte Psychotherapeutin...","robots":{"index":"index","follow":"follow","max-snippet":"max-snippet:-1","max-image-preview":"max-image-preview:large","max-video-preview":"max-video-preview:-1"},"canonical":"https:\/\/www.tomaschett-praxis.ch\/en\/uber-mich\/","og_locale":"en_GB","og_type":"article","og_title":"\u00dcber mich - Manuela Tomaschett","og_description":"Ich bin ausgebildete Fachpsychologin f\u00fcr Psychotherapie FSP und eidgen\u00f6ssisch anerkannte Psychotherapeutin...","og_url":"https:\/\/www.tomaschett-praxis.ch\/en\/uber-mich\/","og_site_name":"Manuela Tomaschett","article_modified_time":"2024-02-29T09:22:24+00:00","og_image":[{"width":1024,"height":1024,"url":"https:\/\/www.tomaschett-praxis.ch\/wp-content\/uploads\/2021\/12\/Manuela-1.jpg","type":"image\/jpeg"}],"twitter_card":"summary_large_image","twitter_misc":{"Estimated reading time":"2 minutes"},"schema":{"@context":"https:\/\/schema.org","@graph":[{"@type":"WebPage","@id":"https:\/\/www.tomaschett-praxis.ch\/uber-mich\/","url":"https:\/\/www.tomaschett-praxis.ch\/uber-mich\/","name":"\u00dcber mich - Manuela Tomaschett","isPartOf":{"@id":"https:\/\/www.tomaschett-praxis.ch\/en\/#website"},"primaryImageOfPage":{"@id":"https:\/\/www.tomaschett-praxis.ch\/uber-mich\/#primaryimage"},"image":{"@id":"https:\/\/www.tomaschett-praxis.ch\/uber-mich\/#primaryimage"},"thumbnailUrl":"https:\/\/www.tomaschett-praxis.ch\/wp-content\/uploads\/2021\/12\/Manuela-1.jpg","datePublished":"2020-10-14T12:16:05+00:00","dateModified":"2024-02-29T09:22:24+00:00","description":"Ich bin ausgebildete Fachpsychologin f\u00fcr Psychotherapie FSP und eidgen\u00f6ssisch anerkannte Psychotherapeutin...","breadcrumb":{"@id":"https:\/\/www.tomaschett-praxis.ch\/uber-mich\/#breadcrumb"},"inLanguage":"en-GB","potentialAction":[{"@type":"ReadAction","target":["https:\/\/www.tomaschett-praxis.ch\/uber-mich\/"]}]},{"@type":"ImageObject","inLanguage":"en-GB","@id":"https:\/\/www.tomaschett-praxis.ch\/uber-mich\/#primaryimage","url":"https:\/\/www.tomaschett-praxis.ch\/wp-content\/uploads\/2021\/12\/Manuela-1.jpg","contentUrl":"https:\/\/www.tomaschett-praxis.ch\/wp-content\/uploads\/2021\/12\/Manuela-1.jpg","width":1024,"height":1024},{"@type":"BreadcrumbList","@id":"https:\/\/www.tomaschett-praxis.ch\/uber-mich\/#breadcrumb","itemListElement":[{"@type":"ListItem","position":1,"name":"Home","item":"https:\/\/www.tomaschett-praxis.ch\/en\/"},{"@type":"ListItem","position":2,"name":"\u00dcber mich"}]},{"@type":"WebSite","@id":"https:\/\/www.tomaschett-praxis.ch\/en\/#website","url":"https:\/\/www.tomaschett-praxis.ch\/en\/","name":"Manuela Tomaschett","description":"Home","inLanguage":"en-GB"}]}},"_links":{"self":[{"href":"https:\/\/www.tomaschett-praxis.ch\/en\/wp-json\/wp\/v2\/pages\/28855"}],"collection":[{"href":"https:\/\/www.tomaschett-praxis.ch\/en\/wp-json\/wp\/v2\/pages"}],"about":[{"href":"https:\/\/www.tomaschett-praxis.ch\/en\/wp-json\/wp\/v2\/types\/page"}],"author":[{"embeddable":true,"href":"https:\/\/www.tomaschett-praxis.ch\/en\/wp-json\/wp\/v2\/users\/4"}],"replies":[{"embeddable":true,"href":"https:\/\/www.tomaschett-praxis.ch\/en\/wp-json\/wp\/v2\/comments?post=28855"}],"version-history":[{"count":227,"href":"https:\/\/www.tomaschett-praxis.ch\/en\/wp-json\/wp\/v2\/pages\/28855\/revisions"}],"predecessor-version":[{"id":31168,"href":"https:\/\/www.tomaschett-praxis.ch\/en\/wp-json\/wp\/v2\/pages\/28855\/revisions\/31168"}],"wp:featuredmedia":[{"embeddable":true,"href":"https:\/\/www.tomaschett-praxis.ch\/en\/wp-json\/wp\/v2\/media\/30800"}],"wp:attachment":[{"href":"https:\/\/www.tomaschett-praxis.ch\/en\/wp-json\/wp\/v2\/media?parent=28855"}],"curies":[{"name":"wp","href":"https:\/\/api.w.org\/{rel}","templated":true}]}}